{"id":26440,"date":"2021-09-20T13:42:04","date_gmt":"2021-09-20T12:42:04","guid":{"rendered":"https:\/\/www.tasteslovenia.si\/?page_id=26440"},"modified":"2024-06-14T07:33:29","modified_gmt":"2024-06-14T06:33:29","slug":"jozef","status":"publish","type":"page","link":"https:\/\/taste.idearna.digital\/sl\/restavracije\/jozef\/","title":{"rendered":"Jo\u017eef"},"content":{"rendered":"","protected":false},"excerpt":{"rendered":"","protected":false},"author":5,"featured_media":26446,"parent":32,"menu_order":3,"comment_status":"closed","ping_status":"closed","template":"ponudnik.php","meta":{"inline_featured_image":false,"footnotes":""},"tags":[],"class_list":["post-26440","page","type-page","status-publish","has-post-thumbnail","hentry"],"acf":[],"yoast_head":"<!-- This site is optimized with the Yoast SEO plugin v23.6 - https:\/\/yoast.com\/wordpress\/plugins\/seo\/ -->\n<title>Jo\u017eef - Taste Slovenia<\/title>\n<meta name=\"description\" content=\"Restavracija buti\u010dnega hotela ponuja tako sodobne jedi z mediteranskim priokusom kot tradicionalne jedi iz idrijskega okoli\u0161a.\" \/>\n<meta name=\"robots\" content=\"index, follow, max-snippet:-1, max-image-preview:large, max-video-preview:-1\" \/>\n<link rel=\"canonical\" href=\"https:\/\/taste.idearna.digital\/sl\/restavracije\/jozef\/\" \/>\n<meta property=\"og:locale\" content=\"sl_SI\" \/>\n<meta property=\"og:type\" content=\"article\" \/>\n<meta property=\"og:title\" content=\"Jo\u017eef - Taste Slovenia\" \/>\n<meta property=\"og:description\" content=\"Restavracija buti\u010dnega hotela ponuja tako sodobne jedi z mediteranskim priokusom kot tradicionalne jedi iz idrijskega okoli\u0161a.\" \/>\n<meta property=\"og:url\" content=\"https:\/\/taste.idearna.digital\/sl\/restavracije\/jozef\/\" \/>\n<meta property=\"og:site_name\" content=\"Taste Slovenia\" \/>\n<meta property=\"article:modified_time\" content=\"2024-06-14T06:33:29+00:00\" \/>\n<meta property=\"og:image\" content=\"https:\/\/taste.idearna.digital\/wp-content\/uploads\/2021\/09\/Jozef-Slovenian-restaurant-P.jpg\" \/>\n\t<meta property=\"og:image:width\" content=\"2000\" \/>\n\t<meta property=\"og:image:height\" content=\"1501\" \/>\n\t<meta property=\"og:image:type\" content=\"image\/jpeg\" \/>\n<meta name=\"twitter:card\" content=\"summary_large_image\" \/>\n<meta name=\"twitter:label1\" content=\"Est. reading time\" \/>\n\t<meta name=\"twitter:data1\" content=\"4 minute\" \/>\n<script type=\"application\/ld+json\" class=\"yoast-schema-graph\">{\"@context\":\"https:\/\/schema.org\",\"@graph\":[{\"@type\":\"WebPage\",\"@id\":\"https:\/\/taste.idearna.digital\/sl\/restavracije\/jozef\/\",\"url\":\"https:\/\/taste.idearna.digital\/sl\/restavracije\/jozef\/\",\"name\":\"Jo\u017eef - Taste Slovenia\",\"isPartOf\":{\"@id\":\"https:\/\/taste.idearna.digital\/sl\/#website\"},\"primaryImageOfPage\":{\"@id\":\"https:\/\/taste.idearna.digital\/sl\/restavracije\/jozef\/#primaryimage\"},\"image\":{\"@id\":\"https:\/\/taste.idearna.digital\/sl\/restavracije\/jozef\/#primaryimage\"},\"thumbnailUrl\":\"https:\/\/taste.idearna.digital\/wp-content\/uploads\/2021\/09\/Jozef-Slovenian-restaurant-P.jpg\",\"datePublished\":\"2021-09-20T12:42:04+00:00\",\"dateModified\":\"2024-06-14T06:33:29+00:00\",\"description\":\"Restavracija buti\u010dnega hotela ponuja tako sodobne jedi z mediteranskim priokusom kot tradicionalne jedi iz idrijskega okoli\u0161a.\",\"breadcrumb\":{\"@id\":\"https:\/\/taste.idearna.digital\/sl\/restavracije\/jozef\/#breadcrumb\"},\"inLanguage\":\"sl-SI\",\"potentialAction\":[{\"@type\":\"ReadAction\",\"target\":[\"https:\/\/taste.idearna.digital\/sl\/restavracije\/jozef\/\"]}]},{\"@type\":\"ImageObject\",\"inLanguage\":\"sl-SI\",\"@id\":\"https:\/\/taste.idearna.digital\/sl\/restavracije\/jozef\/#primaryimage\",\"url\":\"https:\/\/taste.idearna.digital\/wp-content\/uploads\/2021\/09\/Jozef-Slovenian-restaurant-P.jpg\",\"contentUrl\":\"https:\/\/taste.idearna.digital\/wp-content\/uploads\/2021\/09\/Jozef-Slovenian-restaurant-P.jpg\",\"width\":2000,\"height\":1501},{\"@type\":\"BreadcrumbList\",\"@id\":\"https:\/\/taste.idearna.digital\/sl\/restavracije\/jozef\/#breadcrumb\",\"itemListElement\":[{\"@type\":\"ListItem\",\"position\":1,\"name\":\"Home\",\"item\":\"https:\/\/taste.idearna.digital\/sl\/\"},{\"@type\":\"ListItem\",\"position\":2,\"name\":\"Restavracije\",\"item\":\"https:\/\/taste.idearna.digital\/sl\/restavracije\/\"},{\"@type\":\"ListItem\",\"position\":3,\"name\":\"Jo\u017eef\"}]},{\"@type\":\"WebSite\",\"@id\":\"https:\/\/taste.idearna.digital\/sl\/#website\",\"url\":\"https:\/\/taste.idearna.digital\/sl\/\",\"name\":\"Taste Slovenia\",\"description\":\"Just another WordPress site\",\"potentialAction\":[{\"@type\":\"SearchAction\",\"target\":{\"@type\":\"EntryPoint\",\"urlTemplate\":\"https:\/\/taste.idearna.digital\/sl\/?s={search_term_string}\"},\"query-input\":{\"@type\":\"PropertyValueSpecification\",\"valueRequired\":true,\"valueName\":\"search_term_string\"}}],\"inLanguage\":\"sl-SI\"}]}<\/script>\n<!-- \/ Yoast SEO plugin. -->","yoast_head_json":{"title":"Jo\u017eef - Taste Slovenia","description":"Restavracija buti\u010dnega hotela ponuja tako sodobne jedi z mediteranskim priokusom kot tradicionalne jedi iz idrijskega okoli\u0161a.","robots":{"index":"index","follow":"follow","max-snippet":"max-snippet:-1","max-image-preview":"max-image-preview:large","max-video-preview":"max-video-preview:-1"},"canonical":"https:\/\/taste.idearna.digital\/sl\/restavracije\/jozef\/","og_locale":"sl_SI","og_type":"article","og_title":"Jo\u017eef - Taste Slovenia","og_description":"Restavracija buti\u010dnega hotela ponuja tako sodobne jedi z mediteranskim priokusom kot tradicionalne jedi iz idrijskega okoli\u0161a.","og_url":"https:\/\/taste.idearna.digital\/sl\/restavracije\/jozef\/","og_site_name":"Taste Slovenia","article_modified_time":"2024-06-14T06:33:29+00:00","og_image":[{"width":2000,"height":1501,"url":"https:\/\/taste.idearna.digital\/wp-content\/uploads\/2021\/09\/Jozef-Slovenian-restaurant-P.jpg","type":"image\/jpeg"}],"twitter_card":"summary_large_image","twitter_misc":{"Est. reading time":"4 minute"},"schema":{"@context":"https:\/\/schema.org","@graph":[{"@type":"WebPage","@id":"https:\/\/taste.idearna.digital\/sl\/restavracije\/jozef\/","url":"https:\/\/taste.idearna.digital\/sl\/restavracije\/jozef\/","name":"Jo\u017eef - Taste Slovenia","isPartOf":{"@id":"https:\/\/taste.idearna.digital\/sl\/#website"},"primaryImageOfPage":{"@id":"https:\/\/taste.idearna.digital\/sl\/restavracije\/jozef\/#primaryimage"},"image":{"@id":"https:\/\/taste.idearna.digital\/sl\/restavracije\/jozef\/#primaryimage"},"thumbnailUrl":"https:\/\/taste.idearna.digital\/wp-content\/uploads\/2021\/09\/Jozef-Slovenian-restaurant-P.jpg","datePublished":"2021-09-20T12:42:04+00:00","dateModified":"2024-06-14T06:33:29+00:00","description":"Restavracija buti\u010dnega hotela ponuja tako sodobne jedi z mediteranskim priokusom kot tradicionalne jedi iz idrijskega okoli\u0161a.","breadcrumb":{"@id":"https:\/\/taste.idearna.digital\/sl\/restavracije\/jozef\/#breadcrumb"},"inLanguage":"sl-SI","potentialAction":[{"@type":"ReadAction","target":["https:\/\/taste.idearna.digital\/sl\/restavracije\/jozef\/"]}]},{"@type":"ImageObject","inLanguage":"sl-SI","@id":"https:\/\/taste.idearna.digital\/sl\/restavracije\/jozef\/#primaryimage","url":"https:\/\/taste.idearna.digital\/wp-content\/uploads\/2021\/09\/Jozef-Slovenian-restaurant-P.jpg","contentUrl":"https:\/\/taste.idearna.digital\/wp-content\/uploads\/2021\/09\/Jozef-Slovenian-restaurant-P.jpg","width":2000,"height":1501},{"@type":"BreadcrumbList","@id":"https:\/\/taste.idearna.digital\/sl\/restavracije\/jozef\/#breadcrumb","itemListElement":[{"@type":"ListItem","position":1,"name":"Home","item":"https:\/\/taste.idearna.digital\/sl\/"},{"@type":"ListItem","position":2,"name":"Restavracije","item":"https:\/\/taste.idearna.digital\/sl\/restavracije\/"},{"@type":"ListItem","position":3,"name":"Jo\u017eef"}]},{"@type":"WebSite","@id":"https:\/\/taste.idearna.digital\/sl\/#website","url":"https:\/\/taste.idearna.digital\/sl\/","name":"Taste Slovenia","description":"Just another WordPress site","potentialAction":[{"@type":"SearchAction","target":{"@type":"EntryPoint","urlTemplate":"https:\/\/taste.idearna.digital\/sl\/?s={search_term_string}"},"query-input":{"@type":"PropertyValueSpecification","valueRequired":true,"valueName":"search_term_string"}}],"inLanguage":"sl-SI"}]}},"_links":{"self":[{"href":"https:\/\/taste.idearna.digital\/sl\/wp-json\/wp\/v2\/pages\/26440"}],"collection":[{"href":"https:\/\/taste.idearna.digital\/sl\/wp-json\/wp\/v2\/pages"}],"about":[{"href":"https:\/\/taste.idearna.digital\/sl\/wp-json\/wp\/v2\/types\/page"}],"author":[{"embeddable":true,"href":"https:\/\/taste.idearna.digital\/sl\/wp-json\/wp\/v2\/users\/5"}],"replies":[{"embeddable":true,"href":"https:\/\/taste.idearna.digital\/sl\/wp-json\/wp\/v2\/comments?post=26440"}],"version-history":[{"count":16,"href":"https:\/\/taste.idearna.digital\/sl\/wp-json\/wp\/v2\/pages\/26440\/revisions"}],"predecessor-version":[{"id":66256,"href":"https:\/\/taste.idearna.digital\/sl\/wp-json\/wp\/v2\/pages\/26440\/revisions\/66256"}],"up":[{"embeddable":true,"href":"https:\/\/taste.idearna.digital\/sl\/wp-json\/wp\/v2\/pages\/32"}],"wp:featuredmedia":[{"embeddable":true,"href":"https:\/\/taste.idearna.digital\/sl\/wp-json\/wp\/v2\/media\/26446"}],"wp:attachment":[{"href":"https:\/\/taste.idearna.digital\/sl\/wp-json\/wp\/v2\/media?parent=26440"}],"wp:term":[{"taxonomy":"post_tag","embeddable":true,"href":"https:\/\/taste.idearna.digital\/sl\/wp-json\/wp\/v2\/tags?post=26440"}],"curies":[{"name":"wp","href":"https:\/\/api.w.org\/{rel}","templated":true}]}}